{"id":9701,"date":"2024-12-03T12:35:03","date_gmt":"2024-12-03T10:35:03","guid":{"rendered":"https:\/\/ekva.ee\/dokumendid\/statuudid\/"},"modified":"2025-04-11T12:56:36","modified_gmt":"2025-04-11T09:56:36","slug":"statutes","status":"publish","type":"page","link":"https:\/\/ekva.ee\/en\/documents\/statutes\/","title":{"rendered":"Statutes"},"content":{"rendered":"\n<p class=\"wp-el\">Kinnitatud<br>EKVA \u00fcldkoosoleku poolt<br>12. detsembril 2003.a<\/p>\n\n\n\n<h2 class=\"wp-block-heading wp-el\"><strong>Eesti Kergej\u00f5ustikuveteranide Assotsiatsiooni auliikme statuut<\/strong><\/h2>\n\n\n\n<p class=\"wp-el\">1. Eesti Kergej\u00f5ustikuveteranide Assotsiatsiooni (edaspidi \u2013 EKVA) aunimetus auliige on EKVA k\u00f5rge tunnustuse avaldus, mis omistatakse isikule, kes:<\/p>\n\n\n\n<p class=\"wp-el\">1.1. on EKVA liige v\u00e4hemalt 10 aastat ning on seejuures m\u00e4rkimisv\u00e4\u00e4rselt kaasa aidanud EKVA p\u00f5hikirjalise eesm\u00e4rgi propageerimisele ja elluviimisele ning omab EKVA arengus ja tegevuses olulist kohta ning t\u00e4hendust v\u00f5i<\/p>\n\n\n\n<p class=\"wp-el\">1.2. on osutanud erilisi teeneid Eesti kergej\u00f5ustiku ja veteranispordiliikumise edendamisel.<\/p>\n\n\n\n<p class=\"wp-el\">2. Auliige, kes omandab selle nimetuse k\u00e4esoleva statuudi punkti 1.2 alusel, ei pea olema EKVA liige. Auliikmele, kes ei ole EKVA liige, ei laiene EKVA p\u00f5hikirjaga liikmetele antud \u00f5igused ja kohustused, kui k\u00e4esolevas statuudis pole nimetatud teisiti.<\/p>\n\n\n\n<p class=\"wp-el\">3. EKVA auliikme nimetab vastava isiku eelneval n\u00f5usolekul juhatus EKVA liikmete ettepanekute p\u00f5hjal.. Ettepanekuid auliikme nimetamiseks v\u00f5ib teha iga EKVA liige, kaasa arvatud juhatuse liige.<\/p>\n\n\n\n<p class=\"wp-el\">4. Ettepanek auliikme nimetamiseks tehakse kirjalikult. Kirjalikus ettepanekus (esildises) n\u00e4idatakse auliikme esitamise motiivid.<\/p>\n\n\n\n<p class=\"wp-el\">5. EKVA juhatus vaatab esildise l\u00e4bi ning teeb oma otsuse auliikme nimetamise v\u00f5i sellest keeldumise kohta \u00fcldjuhul oma esimesel l\u00e4hemal korralisel koosolekul arvates esildise \u00fcleandmise kuup\u00e4evast.<\/p>\n\n\n\n<p class=\"wp-el\">6. Auliikme nimetamise otsuse tegemiseks on vajalik lihth\u00e4\u00e4lteenamus juhatuse k\u00f5igi liikmete h\u00e4\u00e4lte \u00fcldarvust.<\/p>\n\n\n\n<p class=\"wp-el\">7. Auliikme nimetusega kaasneb EKVA auliikme tunnistus. Auliikme tunnistus antakse auliikmele k\u00e4tte pidulikult \u00fcldkoosolekul. Tunnistusele lisatakse \u00e4rakiri vastavast juhatuse otsusest ja juhatuse koosoleku protokollist. Kui auliikmel pole v\u00f5imalik \u00fcldkoosolekul osaleda, siis antakse tunnustuskiri \u00fcle presidendi v\u00f5i asepresidendi poolt juhatuse koosolekul v\u00f5i muus auliikmele sobivas olukorras.<\/p>\n\n\n\n<p class=\"wp-el\">8. Auliikmel on \u00f5igus osaleda juhatuse koosolekul n\u00f5uandva s\u00f5na\u00f5igusega ning teha seal koosoleku p\u00e4evakorda puutuvaid ettepanekuid. Auliige ei osale h\u00e4\u00e4letamisel ja otsuste tegemisel.<\/p>\n\n\n\n<p class=\"wp-el\">9. Auliikmel, kes ei ole EKVA liige on \u00f5igus:<\/p>\n\n\n\n<p class=\"wp-el\">9.1. osaleda s\u00f5na\u00f5igusega EKVA \u00fcldkoosolekutel;<\/p>\n\n\n\n<p class=\"wp-el\">9.2. osaleda EKVA korraldatud \u00fcritustel;<\/p>\n\n\n\n<p class=\"wp-el\">9.3. saada igak\u00fclgset teavet EKVA tegevuse kohta;<\/p>\n\n\n\n<p class=\"wp-el\">9.4. esitada juhatusele ettepanekuid EKVA tegevuse arendamiseks;<\/p>\n\n\n\n<p class=\"wp-el\">9.5. loobuda mistahes ajal auliikme nimetusest.<\/p>\n\n\n\n<p class=\"wp-el\">10. EKVA liikmetest auliikmed on vabastatud liikmemaksu tasumisest.<\/p>\n\n\n\n<p class=\"wp-el\">11. Juhatusel on \u00f5igus EKVA p\u00f5hikirja punktis 3.6 nimetatud asjaolude ilmnemisel auliikmeks nimetamise otsus t\u00fchistada.<\/p>\n\n\n\n<p class=\"wp-el\">Enno Akkel<br>President<\/p>\n\n\n\n<p class=\"wp-el\">Helgi Sagor<br>Sekret\u00e4r<\/p>\n\n\n\n<hr class=\"wp-block-separator has-alpha-channel-opacity\"\/>\n\n\n\n<p class=\"wp-el\">Kinnitatud<br>EKVA \u00fcldkoosoleku poolt<br>17.detsembril 2005.a<\/p>\n\n\n\n<h2 class=\"wp-block-heading wp-el\">EKVA liikmetele autasude ja toetuste m\u00e4\u00e4ramise statuut<\/h2>\n\n\n\n<p class=\"wp-el\">Eesti Kergej\u00f5ustikuveteranide Assotsiatsiooni (edaspidi \u2013 EKVA) autasud on:<\/p>\n\n\n\n<p class=\"wp-el\">1.1. aukiri;<\/p>\n\n\n\n<p class=\"wp-el\">1.2. t\u00e4nukiri;<\/p>\n\n\n\n<p class=\"wp-el\">1.3. aunimetus \u201cAasta parim sportlane\u201d;<\/p>\n\n\n\n<p class=\"wp-el\">1.4. diplom<\/p>\n\n\n\n<p class=\"wp-el\">2. EKVA aukiri on EKVA k\u00f5rgeim autasu, millega tunnustatakse EKVA liikme erilisi teeneid EKVA p\u00f5hikirjas p\u00fcstitatud eesm\u00e4rgi saavutamisele suunatud tegevuses nii Eestis kui ka v\u00e4lisriikides. EKVA aukirjaga v\u00f5ib autasustada ka muid isikuid v\u00e4ljaspool EKVA liikmeskonda ja organisatsioone, kelle panus EKVA tegevusse v\u00f5i arengusse seda v\u00e4\u00e4rib.<\/p>\n\n\n\n<p class=\"wp-el\">3. EKVA t\u00e4nukiri on autasu, millega tunnustatakse EKVA liikme tulemuslikku tegevust EKVA p\u00f5hi\u00fclesannete t\u00e4itmisel. EKVA t\u00e4nukiri antakse liikmele:<\/p>\n\n\n\n<p class=\"wp-el\">3.1. EKVA auliikme nimetuse omistamise puhul,<\/p>\n\n\n\n<p class=\"wp-el\">3.2. pikaajalise eduka tegevuse eest,<\/p>\n\n\n\n<p class=\"wp-el\">3.3. muu silmapaistva tegevuse eest;<\/p>\n\n\n\n<p class=\"wp-el\">4. EKVA aunimetus \u201cAasta parim sportlane\u201d antakse igal aastal oma vanuseklassis parimaid sportlikke tulemusi ja saavutusi n\u00e4idanud EKVA nais- ja meesliikmetele. Aasta parimale sportlasele antakse karikas v\u00f5i m\u00e4lestusplaat<\/p>\n\n\n\n<p class=\"wp-el\">5. Eesti, Euroopa v\u00f5i maailmarekordi \u00fcletanud EKVA liiget autasustatakse EKVA diplomiga.<\/p>\n\n\n\n<p class=\"wp-el\">6. EKVA autasud annab autasustatavatele pidulikult \u00fcle EKVA president, tema \u00e4raolekul asepresident v\u00f5i presidendi poolt volitatud isik.<\/p>\n\n\n\n<p class=\"wp-el\">7. Juubelis\u00fcnnip\u00e4evaks (numbritega 5 v\u00f5i 0 l\u00f5ppeva vanuse t\u00e4itumisel) saadab juhatus EKVA liikmele \u00f5nnitluskaardi.<\/p>\n\n\n\n<p class=\"wp-el\">8. Ettepanekuid statuudi punktides 1.1 \u2013 1.2 nimetatud autasude m\u00e4\u00e4ramiseks v\u00f5ib teha iga EKVA liige. Ettepanekud esitatakse EKVA sekret\u00e4rile aasta jooksul v\u00e4hemalt \u00fcks n\u00e4dal enne planeeritud juhatuse koosoleku toimumist. Ettepanekud punktis 1.3 nimetatud autasu m\u00e4\u00e4ramiseks teevad juhatuse liikmed aasta IV kvartali juhatuse koosolekul.<\/p>\n\n\n\n<p class=\"wp-el\">9. Sekret\u00e4r registreerib saabunud ettepanekud ning annab need \u00fcle EKVA presidendile. President koondab ettepanekud ning teeb nende p\u00f5hjal esildise EKVA juhatusele autasude m\u00e4\u00e4ramiseks.<\/p>\n\n\n\n<p class=\"wp-el\">10. Otsused autasude m\u00e4\u00e4ramiseks, v\u00f5ttes arvesse saabunud ettepanekuid ja presidendi esildist, teeb EKVA juhatus oma koosolekul. Otsused v\u00f5etakse vastu lahtisel h\u00e4\u00e4letamisel lihth\u00e4\u00e4lteenamusega<\/p>\n\n\n\n<p class=\"wp-el\">11. EKVA liikmete kohta, kes on p\u00fcstitanud oma vanuseklassi Eesti, Euroopa v\u00f5i maailmarekordi, peab jooksvat arvestust EKVA statistikaga tegelev juhatuse liige ning teeb aasta IV kvartali korralisel koosolekul juhatusele esildise nende autasustamiseks EKVA diplomiga.<\/p>\n\n\n\n<p class=\"wp-el\">12. EKVA autasudega v\u00f5ib v\u00f5imaluse korral kaasneda ka m\u00e4lestusese v\u00f5i muu kingitus.<\/p>\n\n\n\n<p class=\"wp-el\">13. EKVA sekret\u00e4r korraldab autasude vormistamise ja peab sellekohast arvestust. K\u00f5ik andmed EKVA autasude ja nende saajate kohta koondatakse EKVA auraamatusse.<\/p>\n\n\n\n<p class=\"wp-el\">14. EKVA v\u00f5ib tunnustada oma liikmete sportlikke saavutusi v\u00f5i erilisi teeneid nende esitamisega juhatuse otsuse alusel autasustamiseks teistele spordiorganisatsioonidele (Eesti Kergej\u00f5ustikuliit, Eesti Spordiveteranide Liit jm) v\u00f5i riigiasutustele.<\/p>\n\n\n\n<p class=\"wp-el\">15. Toetused EKVA liikmetele on:<\/p>\n\n\n\n<p class=\"wp-el\">15.1. vabastamine EKVA liikmemaksu tasumisest;<\/p>\n\n\n\n<p class=\"wp-el\">15.2. vabastamine osav\u00f5tumaksu tasumisest EKVA korraldatud spordi\u00fcritustel<\/p>\n\n\n\n<p class=\"wp-el\">15.3. EKVA poolt osav\u00f5tumaksu tasumine muudel spordi\u00fcritustel;<\/p>\n\n\n\n<p class=\"wp-el\">15.4. rahaline toetus erakorralistel juhtudel vastavalt EKVA finantsv\u00f5imalustele.<\/p>\n\n\n\n<p class=\"wp-el\">16. Toetuse EKVA liikmele m\u00e4\u00e4rab EKVA juhatus oma koosoleku otsusega EKVA liikme esildise alusel. Otsused toetuse m\u00e4\u00e4ramise kohta v\u00f5etakse vastu lahtisel h\u00e4\u00e4letamisel lihth\u00e4\u00e4lteenamusega.<\/p>\n\n\n\n<p class=\"wp-el\">17. Esildised toetuse saamiseks esitatakse EKVA sekret\u00e4rile v\u00e4hemalt 10 p\u00e4eva enne korralise koosoleku toimumist. Erakorralistel juhtudel v\u00f5ib juhatus otsuse vastu v\u00f5tta ilma koosolekut kokku kutsumata. EKVA juhatuse reglemendi punktis 17 kirjeldatud menetluse kohaselt.<\/p>\n\n\n\n<p class=\"wp-el\">Enno Akkel<br>President<\/p>\n\n\n\n<p class=\"wp-el\">Helgi Sagor<br>Sekret\u00e4r<\/p>\n","protected":false},"excerpt":{"rendered":"<p>KinnitatudEKVA \u00fcldkoosoleku poolt12. detsembril 2003.a Eesti Kergej\u00f5ustikuveteranide Assotsiatsiooni auliikme statuut 1. Eesti Kergej\u00f5ustikuveteranide Assotsiatsiooni (edaspidi \u2013 EKVA) aunimetus auliige on&#8230;<\/p>\n","protected":false},"author":1,"featured_media":0,"parent":9699,"menu_order":0,"comment_status":"closed","ping_status":"closed","template":"","meta":{"_acf_changed":false,"footnotes":""},"class_list":["post-9701","page","type-page","status-publish","hentry"],"acf":[],"_links":{"self":[{"href":"https:\/\/ekva.ee\/en\/wp-json\/wp\/v2\/pages\/9701","targetHints":{"allow":["GET"]}}],"collection":[{"href":"https:\/\/ekva.ee\/en\/wp-json\/wp\/v2\/pages"}],"about":[{"href":"https:\/\/ekva.ee\/en\/wp-json\/wp\/v2\/types\/page"}],"author":[{"embeddable":true,"href":"https:\/\/ekva.ee\/en\/wp-json\/wp\/v2\/users\/1"}],"replies":[{"embeddable":true,"href":"https:\/\/ekva.ee\/en\/wp-json\/wp\/v2\/comments?post=9701"}],"version-history":[{"count":1,"href":"https:\/\/ekva.ee\/en\/wp-json\/wp\/v2\/pages\/9701\/revisions"}],"predecessor-version":[{"id":9809,"href":"https:\/\/ekva.ee\/en\/wp-json\/wp\/v2\/pages\/9701\/revisions\/9809"}],"up":[{"embeddable":true,"href":"https:\/\/ekva.ee\/en\/wp-json\/wp\/v2\/pages\/9699"}],"wp:attachment":[{"href":"https:\/\/ekva.ee\/en\/wp-json\/wp\/v2\/media?parent=9701"}],"curies":[{"name":"wp","href":"https:\/\/api.w.org\/{rel}","templated":true}]}}