{"id":9702,"date":"2024-12-02T14:06:24","date_gmt":"2024-12-02T12:06:24","guid":{"rendered":"https:\/\/ekva.ee\/dokumendid\/pohikiri\/"},"modified":"2025-04-11T12:56:45","modified_gmt":"2025-04-11T09:56:45","slug":"charter","status":"publish","type":"page","link":"https:\/\/ekva.ee\/en\/documents\/charter\/","title":{"rendered":"Charter"},"content":{"rendered":"\n<h2 class=\"wp-block-heading wp-el\">Eesti Kergej\u00f5ustikuveteranide Assotsiatsiooni p\u00f5hikir<\/h2>\n\n\n\n<p class=\"has-semi-large-font-size wp-el\"><mark style=\"background-color:rgba(0, 0, 0, 0)\" class=\"has-inline-color has-primary-color\">1. \u00dclds\u00e4tted<\/mark><\/p>\n\n\n\n<p class=\"wp-el\">1.1. Eesti Kergej\u00f5ustikuveteranide Assotsiatsioon (edaspidi EKVA, mis on ametlikuks l\u00fchendiks) on avalikes huvides tegutsev heategevuslik mittetulundus\u00fching, mis on loodud Eesti spordiveteranidest kergej\u00f5ustikuhuviliste aktiivse tegutsemise korraldamiseks. EKVA tegevus on rajatud tema liikmete laialdasele initsiatiivile ning demokraatlikele p\u00f5him\u00f5tetele.<\/p>\n\n\n\n<p class=\"wp-el\">1.2. EKVA juhindub oma tegevuses Eesti Vabariigis kehtivatest \u00f5igusaktidest, Rahvusvahelise Kergej\u00f5ustikuliidu p\u00f5hikirjast ja m\u00e4\u00e4rustest ning k\u00e4esolevast p\u00f5hikirjast.<\/p>\n\n\n\n<p class=\"wp-el\">1.3. EKVA on oma liikmetele kasumit mittetaotlev era\u00f5iguslik juriidiline isik, kellel on pitsat ja finantsoperatsioonide iseseisva teostamise \u00f5igus. EKVA ei anna materiaalselt abi v\u00f5i rahaliselt hinnatavaid soodustusi oma asutajale, juhtimis-ja kontrollorgani liikmele, temale annetusi teinud isikule v\u00f5i sellise isiku juhtimis-kontrollorgani liikmele v\u00f5i nimetatud isiku otsejoones sugulasele.<\/p>\n\n\n\n<p class=\"wp-el\">1.4. EKVA-l on oma s\u00fcmboolika ja tal on selle kasutamise ja k\u00e4sutamise ainu\u00f5igus.<\/p>\n\n\n\n<p class=\"wp-el\">1.5. EKVA asukoht on Tallinn, Trummi tn.21-10.<\/p>\n\n\n\n<p class=\"wp-el\">1.6. Ingliskeelses asjaajamises t\u00f5lgitakse EKVA nimi inglise keelde \u2013 Estonian Masters Athletics, l\u00fchendatult EstMA.<\/p>\n\n\n\n<p class=\"wp-el\">1.7. EKVA on asutatud 1. detsembril 1990. aastal Eesti Kergej\u00f5ustikuveteranide \u00dchendusena ja tema \u00f5igusj\u00e4rglasena reorganiseeritud Eesti Kergej\u00f5ustikuveteranide Assotsiatsiooniks 7. novembril 1992. aastal.<\/p>\n\n\n\n<p class=\"has-semi-large-font-size wp-el\"><mark style=\"background-color:rgba(0, 0, 0, 0)\" class=\"has-inline-color has-primary-color\">2. EKVA tegevuse eesm\u00e4rk ja p\u00f5hi\u00fclesanded<\/mark><\/p>\n\n\n\n<p class=\"wp-el\">2.1. EKVA tegevuse eesm\u00e4rgiks on kergej\u00f5ustikuharrastajate ja kergej\u00f5ustikuhuviliste spordiveteranide tegevuse \u00fchendamine tervise, kehalise tubliduse ja spordimeisterlikkuse s\u00e4ilitamiseks ning parandamiseks.<\/p>\n\n\n\n<p class=\"wp-el\">2.2. EKVA tegevuse p\u00f5hi\u00fclesanneteks on:<\/p>\n\n\n\n<p class=\"wp-el\">2.2.1.Koost\u00f6\u00f6s Eesti Kergej\u00f5ustikuliiduga Eesti meistriv\u00f5istluste l\u00e4biviimine seeniorsportlastele ja kohalike v\u00f5istluste korraldamise organiseerimine<\/p>\n\n\n\n<p class=\"wp-el\">2.2.2. veteranide kergej\u00f5ustikuv\u00f5istluste kalenderplaani koostamine ja kinnitamine;<\/p>\n\n\n\n<p class=\"wp-el\">2.2.3. j\u00e4\u00e4b v\u00e4lja;<\/p>\n\n\n\n<p class=\"wp-el\">2.2.4. kergej\u00f5ustikualase rahvusvahelise sportliku suhtlemise reguleerimine, osalemine rahvusvaheliste kergej\u00f5ustikuveteranide organisatsioonide t\u00f6\u00f6s ning v\u00e4lisriikide spordiveteranidega \u00fchisv\u00f5istluste korraldamine;<\/p>\n\n\n\n<p class=\"wp-el\">2.2.5. spordiveteranide kergej\u00f5ustikuv\u00f5istkondade koostamine rahvusvahelisteks v\u00f5istlusteks;<\/p>\n\n\n\n<p class=\"wp-el\">2.2.6. veteranide kergej\u00f5ustikualase info levitamine, tr\u00fckiste koostamine ja v\u00e4ljaandmine, samuti rekordi- ja edetabelite pidamine, kinnitamine ning avaldamine.<\/p>\n\n\n\n<p class=\"has-semi-large-font-size wp-el\"><mark style=\"background-color:rgba(0, 0, 0, 0)\" class=\"has-inline-color has-primary-color\">3. EKVA liikmed<\/mark><\/p>\n\n\n\n<p class=\"wp-el\">3.1. EKVA liikmeks v\u00f5ib olla iga Eestis alaliselt elav v\u00e4hemalt 35-aastane naine v\u00f5i 35-aastane mees, samuti samaealine v\u00e4lisriigis elav Eesti Vabariigi kodanikust naine v\u00f5i mees, tema perekonnaliige v\u00f5i j\u00e4reltulija, kes tunnistab ja t\u00e4idab k\u00e4esolevat p\u00f5hikirja.<\/p>\n\n\n\n<p class=\"wp-el\">3.2. EKVA liikmeks vastuv\u00f5tmise otsustab EKVA juhatus taotleja poolt juhatusele esitatud kirjaliku sooviavalduse alusel.<\/p>\n\n\n\n<p class=\"wp-el\">3.3. Kui juhatus keeldub taotlejat EKVA liikmeks vastu v\u00f5tmast, on taotlejal \u00f5igus n\u00f5uda, et tema liikmeks vastuv\u00f5tmise otsustab \u00fcldkoosolek. Juhatus on kohustatud selle taotluse esitama otsustamiseks esimesele \u00fcldkoosolekule peale taotluse saamist.<\/p>\n\n\n\n<p class=\"wp-el\">3.4. EKVA liikmete nimistu on avalik ja pannakse tutvumiseks v\u00e4lja igal \u00fcldkoosolekul.<\/p>\n\n\n\n<p class=\"wp-el\">3.5. EKVA liikmel on \u00f5igus EKVA-st v\u00e4lja astuda juhatusele esitatud kirjaliku avalduse alusel. Liikme v\u00e4ljaastumise kinnitab juhatus oma otsusega.<\/p>\n\n\n\n<p class=\"wp-el\">3.6. EKVA liikme v\u00f5ib juhatus oma otsusega EKVA-st v\u00e4lja arvata k\u00e4esoleva p\u00f5hikirja s\u00e4tete t\u00e4itmata j\u00e4tmise, ebav\u00e4\u00e4rika k\u00e4itumise v\u00f5i muu EKVA-le olulist kahju tekitava tegevuse v\u00f5i tegevusetuse t\u00f5ttu.<\/p>\n\n\n\n<p class=\"wp-el\">3.7. Oma otsusest liikme v\u00e4ljaarvamise kohta ja selle p\u00f5hjusest peab juhatus liikmele viivitamatult kirjalikult teatama.<\/p>\n\n\n\n<p class=\"wp-el\">3.8. EKVA-st juhatuse otsuse alusel v\u00e4lja arvatud liikmel on \u00f5igus n\u00f5uda v\u00e4ljaarvamise otsustamist \u00fcldkoosoleku poolt.<\/p>\n\n\n\n<p class=\"wp-el\">3.9. EKVA liikme lahkumise surma t\u00f5ttu EKVA liikmeskonnast fikseerib juhatus oma koosoleku protokollis.<\/p>\n\n\n\n<p class=\"has-semi-large-font-size wp-el\"><mark style=\"background-color:rgba(0, 0, 0, 0)\" class=\"has-inline-color has-primary-color\">4. EKVA liikme \u00f5igused<\/mark><\/p>\n\n\n\n<p class=\"wp-el\">EKVA liikmel on \u00f5igus:<\/p>\n\n\n\n<p class=\"wp-el\">4.1. valida ja olla valitud EKVA juhatusse ja muudesse organitesse vastavalt k\u00e4esolevale p\u00f5hikirjale;<\/p>\n\n\n\n<p class=\"wp-el\">4.2. osa v\u00f5tta EKVA poolt korraldatavatest v\u00f5istlustest ja \u00fcritustest;<\/p>\n\n\n\n<p class=\"wp-el\">4.3. kasutada EKVA s\u00fcmboleid ja vara \u00fcldkoosoleku v\u00f5i juhatuse poolt m\u00e4\u00e4ratud tingimustel ja korras;<\/p>\n\n\n\n<p class=\"wp-el\">4.4. omada EKVA poolt koostatud p\u00f5hikirja punktis 2.2.6 nimetatud infomaterjale ja tr\u00fckiseid;<\/p>\n\n\n\n<p class=\"wp-el\">4.5. esitada juhatusele ettepanekuid EKVA tegevuse arendamiseks ja arup\u00e4rimisi tehtu kohta;<\/p>\n\n\n\n<p class=\"wp-el\">4.6. tutvuda EKVA \u00fcldkoosolekute ja juhatuse koosolekute protokollidega.<\/p>\n\n\n\n<p class=\"has-semi-large-font-size wp-el\"><mark style=\"background-color:rgba(0, 0, 0, 0)\" class=\"has-inline-color has-primary-color\">5. EKVA liikme kohustused<\/mark><\/p>\n\n\n\n<p class=\"wp-el\">EKVA liige on kohustatud:<\/p>\n\n\n\n<p class=\"wp-el\">5.1. tunnistama ja t\u00e4itma k\u00e4esolevat p\u00f5hikirja ning \u00fcldkoosoleku ja juhatuse otsuseid;<\/p>\n\n\n\n<p class=\"wp-el\">5.2. aktiivselt osa v\u00f5tma EKVA tegevusest ja edendama EKVA eesm\u00e4rke vastavalt oma v\u00f5imalustele;<\/p>\n\n\n\n<p class=\"wp-el\">5.3. tasuma \u00f5igeaegselt liikmemaksu vastavalt juhatuse poolt tehtud otsustele v\u00f5i kehtestatud korrale;<\/p>\n\n\n\n<p class=\"wp-el\">5.4. hoidma EKVA-le kuuluvat vara vastavalt v\u00f5etud kohustustele;<\/p>\n\n\n\n<p class=\"wp-el\">5.5. h\u00fcvitama EKVA-st v\u00e4ljaastumise v\u00f5i v\u00e4ljaarvamise korral viivitamatult oma rahalised v\u00f5i muud v\u00f5lgnevused EKVA ees.<\/p>\n\n\n\n<p class=\"has-semi-large-font-size wp-el\"><mark style=\"background-color:rgba(0, 0, 0, 0)\" class=\"has-inline-color has-primary-color\">6. EKVA \u00fcldkoosolek<\/mark><\/p>\n\n\n\n<p class=\"wp-el\">6.1. EKVA k\u00f5rgeimaks organiks on tema liikmete \u00fcldkoosolek. \u00dcldkoosolekud toimuvad mitte harvemini kui \u00fcks kord aastas, v.a.juhul kui koosoleku kokkukutsumine on takistatud.<\/p>\n\n\n\n<p class=\"wp-el\">6.2. EKVA \u00fcldkoosoleku p\u00e4devuses on:<\/p>\n\n\n\n<p class=\"wp-el\">6.2.1. p\u00f5hikirja muutmine;<\/p>\n\n\n\n<p class=\"wp-el\">6.2.2. eesm\u00e4rgi muutmine;<\/p>\n\n\n\n<p class=\"wp-el\">6.2.3. EKVA presidendi (juhatuse esimehe) valimine neljaks aastaks;<\/p>\n\n\n\n<p class=\"wp-el\">6.2.4. EKVA revisjonikomisjoni valimine neljaks aastaks;<\/p>\n\n\n\n<p class=\"wp-el\">6.2.5. EKVA juhatuse kinnitamine neljaks aastaks vastavalt EKVA presidendi ettepanekule;<\/p>\n\n\n\n<p class=\"wp-el\">6.2.6. juhatuse aruande kinnitamine ja revisjonikomisjoni \u00e4rakuulamine;<\/p>\n\n\n\n<p class=\"wp-el\">6.2.7. perspektiivplaanide kinnitamine j\u00e4rgmiseks tegevusperioodiks;<\/p>\n\n\n\n<p class=\"wp-el\">6.2.8. liikmete vastuv\u00f5tmise v\u00f5i v\u00e4ljaarvamise \u00fcle otsustamine p\u00f5hikirja punktides 3.3 ja 3.8 nimetatud juhtudel;<\/p>\n\n\n\n<p class=\"wp-el\">6.2.9. juhatuse reglemendi ja juhatuse liikmete p\u00e4devuse statuudi kinnitamine;<\/p>\n\n\n\n<p class=\"wp-el\">6.2.10. EKVA auliikmete nimetamise ning liikmetele toetuste ja autasude m\u00e4\u00e4ramise statuudi kinnitamine<\/p>\n\n\n\n<p class=\"wp-el\">6.2.11. muude k\u00fcsimuste otsustamine, mida ei ole seaduse v\u00f5i p\u00f5hikirjaga antud teiste EKVA juhtorganite p\u00e4devusse.<\/p>\n\n\n\n<p class=\"wp-el\">6.3. \u00dcldkoosoleku kutsub kokku juhatus:<\/p>\n\n\n\n<p class=\"wp-el\">6.3.1. \u00fcldkoosoleku p\u00e4devuses olevate, punktis 6.2 nimetatud k\u00fcsimuste \u00fcle otsustamiseks;<\/p>\n\n\n\n<p class=\"wp-el\">6.3.2. kui EKVA huvid seda n\u00f5uavad;<\/p>\n\n\n\n<p class=\"wp-el\">6.3.3. kui seda n\u00f5uab kirjalikult ja p\u00f5hjust \u00e4ra n\u00e4idates v\u00e4hemalt 1\/10 EKVA liikmetest.<\/p>\n\n\n\n<p class=\"wp-el\">6.4. Kui juhatus ei kutsu punktis 6.3.3. nimetatud asjaoludel \u00fcldkoosolekut kokku, v\u00f5ivad taotlejad ise \u00fcldkoosoleku kokku kutsuda samas korras juhatusega.<\/p>\n\n\n\n<p class=\"wp-el\">6.5. \u00dcldkoosoleku kokkukutsumisest peab ette teatama v\u00e4hemalt 10 p\u00e4eva enne \u00fcldkoosoleku toimumist, avaldades v\u00e4hemalt \u00fches \u00fcleriigilise levikuga ajalehes v\u00f5i internetis EKVA veebilehel teate, kus n\u00e4idatakse \u00e4ra \u00fcldkoosoleku toimumise aeg, koht ja p\u00e4evakord. \u00dcldkoosoleku p\u00e4evakorda puutuvad olulised materjalid pannakse v\u00e4lja eelmainitud veebilehele.<\/p>\n\n\n\n<p class=\"wp-el\">6.6. \u00dcldkoosolek on p\u00e4dev vastu v\u00f5tma otsuseid k\u00fcsimustes, mis on \u00fcldkoosoleku kokkukutsumisel p\u00e4evakorda v\u00f5etud ja liikmetele teatavaks tehtud.<\/p>\n\n\n\n<p class=\"wp-el\">6.7. V\u00e4lja j\u00e4etud.<\/p>\n\n\n\n<p class=\"wp-el\">6.8. \u00dcldkoosolek on otsustusv\u00f5imeline, kui sellel osaleb \u00fcle \u00fche k\u00fcmnendiku EKVA liikmetest.<\/p>\n\n\n\n<p class=\"wp-el\">6.9. \u00dcldkoosoleku otsus on vastu v\u00f5etud, kui selle poolt on h\u00e4\u00e4letanud \u00fcle poole koosolekul osalenud EKVA liikmetest.<\/p>\n\n\n\n<p class=\"wp-el\">6.10. EKVA p\u00f5hikirja muutmise, EKVA jagunemise, liitmise v\u00f5i tegevuse l\u00f5petamise otsus on vastu v\u00f5etud, kui selle poolt on h\u00e4\u00e4letanud v\u00e4hemalt 2\/3 koosolekust osav\u00f5tnud liikmetest, v.a EKVA tegevuse eesm\u00e4rgi muutmise puhul.<\/p>\n\n\n\n<p class=\"wp-el\">6.11. P\u00f5hikirjas etten\u00e4htud EKVA tegevuse eesm\u00e4rgi muutmiseks on vajalik v\u00e4hemalt 9\/10 liikmete n\u00f5usolek. \u00dcldkoosolekul mitteosalenud liikme n\u00f5usolek peab olema esitatud kirjalikult.<\/p>\n\n\n\n<p class=\"wp-el\">6.12. Muudatustest p\u00f5hikirjas teavitatakse EKVA liikmeid v\u00e4hemalt 10 p\u00e4eva enne \u00fcldkoosolekut, kus muudatused otsustamisele tulevad, pannes need v\u00e4lja punktis 6.5 n\u00e4idatud veebilehel.<\/p>\n\n\n\n<p class=\"wp-el\">6.13. EKVA \u00fcldkoosoleku otsused v\u00f5etakse \u00fcldjuhul vastu lahtisel h\u00e4\u00e4letamisel.<\/p>\n\n\n\n<p class=\"wp-el\">6.14. EKVA \u00fcldkoosoleku kohta koostatakse protokoll, millele kirjutavad alla koosoleku juhataja ja protokollija.<\/p>\n\n\n\n<p class=\"has-semi-large-font-size wp-el\"><mark style=\"background-color:rgba(0, 0, 0, 0)\" class=\"has-inline-color has-primary-color\">7. EKVA juhatus<\/mark><\/p>\n\n\n\n<p class=\"wp-el\">7.1. EKVA \u00fcldkoosolekute vahelisel perioodil juhib EKVA tegevust \u00fcldkoosoleku poolt kinnitatud v\u00e4hemalt 5-liikmeline juhatus, mille koosseisus on president, asepresident, sekret\u00e4r ja juhatuse liikmed.<\/p>\n\n\n\n<p class=\"wp-el\">7.2. Juhatuse liikmed esindavad EKVA-t k\u00f5igis \u00f5igustoimingutes kolm juhatuse liiget koos, v\u00e4lja arvatud president, kes esindab EKVA-t ainuisikuliselt.<\/p>\n\n\n\n<p class=\"wp-el\">7.3. Juhatuse koosolekud toimuvad \u00fcldjuhul v\u00e4hemalt \u00fcks kord kvartalis. Koosoleku aeg, koht ning p\u00e4evakord teatatakse juhatuse liikmetele posti, e-posti, v\u00f5i telefoni teel v\u00e4hemalt 5 p\u00e4eva enne koosolekut. Juhatuse liige v\u00f5ib sekret\u00e4rilt eelnevaks tutvumiseks n\u00f5uda p\u00e4evakorda puutuvaid olulisi materjale.<\/p>\n\n\n\n<p class=\"wp-el\">7.4. Juhatuse koosoleku kutsub kokku president v\u00f5i asepresident.<\/p>\n\n\n\n<p class=\"wp-el\">7.5. Juhatuse koosolek on otsustusv\u00f5imeline, kui kohal on \u00fcle poole juhatuse liikmetest, nende seas president v\u00f5i asepresident, kes juhatab koosolekut.<\/p>\n\n\n\n<p class=\"wp-el\">7.6. Otsused v\u00f5etakse juhatuse koosolekutel vastu \u00fcldjuhul lahtisel h\u00e4\u00e4letamisel lihth\u00e4\u00e4lteenamusega.<\/p>\n\n\n\n<p class=\"wp-el\">7.7. Juhatus v\u00f5ib otsuse vastu v\u00f5tta ilma koosolekut kokku kutsumata, kui selle poolt h\u00e4\u00e4letavad kirjalikult k\u00f5ik juhatuse liikmed.<\/p>\n\n\n\n<p class=\"wp-el\">7.8. Juhatus koostab juhatuse reglemendi, mis s\u00e4testab juhatuse koosoleku ettevalmistuse ja selle kodukorra ning juhatuse liikmete p\u00e4devuse statuudi, mis s\u00e4testab juhatuse liikmete kohustused, \u00f5igused ja vastutuse ning esitab selle kinnitamiseks \u00fcldkoosolekule.<\/p>\n\n\n\n<p class=\"wp-el\">7.9. T\u00f6\u00f6\u00fclesanded valitud juhatuse liikmete vahel jagatakse presidendi v\u00f5i teda asendava asepresidendi ettepanekul juhatuse otsusega. EKVA juhatuse poolt juhatuse liikmetele antud \u00fclesannete t\u00e4itmisel tehtud vajalikud kulutused tuleb juhatuse liikmetele v\u00f5imaluse korral juhatuse otsusega h\u00fcvitada.<\/p>\n\n\n\n<p class=\"wp-el\">7.10. EKVA juhatuse koosoleku kohta koostatakse protokoll, millele kirjutavad alla koosoleku juhataja ja protokollija.<\/p>\n\n\n\n<p class=\"has-semi-large-font-size wp-el\"><mark style=\"background-color:rgba(0, 0, 0, 0)\" class=\"has-inline-color has-primary-color\">8. EKVA juhatuse p\u00f5hi\u00fclesanded<\/mark><\/p>\n\n\n\n<p class=\"wp-el\">8.1. EKVA juhatuse p\u00f5hi\u00fclesanded on:<\/p>\n\n\n\n<p class=\"wp-el\">8.1.1. EKVA \u00fcldkoosolekute ettevalmistamine, l\u00e4biviimine ja otsuste ellurakendamine;<\/p>\n\n\n\n<p class=\"wp-el\">8.1.2. EKVA tegevuse k\u00f5igi jooksvate k\u00fcsimuste lahendamine;<\/p>\n\n\n\n<p class=\"wp-el\">8.1.3. v\u00f5istlusjuhendite, kalendriaasta tegevus-, spordi\u00fcrituste kalender-, finantsmajanduslike plaanide ja nende eelarvete kinnitamine ning ellurakendamine, t\u00e4itmise k\u00e4igu kontrollimine;<\/p>\n\n\n\n<p class=\"wp-el\">8.1.4. EKVA liikmete vastuv\u00f5tmine, liikmeskonnast v\u00e4ljaarvamine ja liikmete \u00fcle arvestuse pidamine;<\/p>\n\n\n\n<p class=\"wp-el\">8.1.5. otsuste tegemine liikmemaksude suuruse ja nende maksmise korra kohta;<\/p>\n\n\n\n<p class=\"wp-el\">8.1.6. EKVA rahaliste vahendite ja varade k\u00e4sutamine ning aruandluse korraldamine, hoiukontode haldamine;<\/p>\n\n\n\n<p class=\"wp-el\">8.1.7. EKVA p\u00f5hikirja s\u00e4tete t\u00e4itmise j\u00e4lgimine, vajadusel p\u00f5hikirja t\u00e4iendamise ja muutmise ettepanekute v\u00e4ljat\u00f6\u00f6tamine ning esitamine EKVA \u00fcldkoosolekule;<\/p>\n\n\n\n<p class=\"wp-el\">8.1.8. EKVA v\u00e4lissuhete korraldamine ja koordineerimine;<\/p>\n\n\n\n<p class=\"wp-el\">8.1.9. statuudi v\u00e4ljat\u00f6\u00f6tamine EKVA auliikmete nimetamiseks, toetuste ja autasude m\u00e4\u00e4ramiseks ning auliikmete nimetamine, toetuste ja autasude m\u00e4\u00e4ramine statuudi alusel;<\/p>\n\n\n\n<p class=\"wp-el\">8.1.10. EKVA esindamine spordi- ja teistes organisatsioonides ja asutustes;<\/p>\n\n\n\n<p class=\"wp-el\">8.1.11. vajadusel alaliste v\u00f5i erikomisjonide moodustamine ning nende suuruse, koosseisu ja \u00fclesannete m\u00e4\u00e4ramine.<\/p>\n\n\n\n<p class=\"wp-el\">8.1.12. aruandmine \u00fcldkoosolekule oma tegevusest<\/p>\n\n\n\n<p class=\"wp-el\">8.2. EKVA president tegutseb p\u00f5hikirja alusel ning esindab EKVA-t k\u00f5igis organisatsioonides, asutustes ja ettev\u00f5tetes, s\u00f5lmib vajadusel raamlepinguid ning annab v\u00e4lja volikirju.<\/p>\n\n\n\n<p class=\"wp-el\">8.3. EKVA asepresident asendab presidenti tema \u00e4raolekul v\u00f5i volitusel ning abistab presidenti tema ametiga kaasnevate kohustuste t\u00e4itmisel.<\/p>\n\n\n\n<p class=\"wp-el\">8.4. EKVA sekret\u00e4ri \u00fclesanneteks on:<\/p>\n\n\n\n<p class=\"wp-el\">8.4.1. koosolekute protokollimine;<\/p>\n\n\n\n<p class=\"wp-el\">8.4.2. EKVA liikmete registri pidamine;<\/p>\n\n\n\n<p class=\"wp-el\">8.4.3. EKVA liikmete ja juhatuse liikmete teavitamine eelseisvatest koosolekutest, nende l\u00e4biviimiseks oluliste materjalide levitamine;<\/p>\n\n\n\n<p class=\"wp-el\">8.4.4. EKVA dokumentatsiooni korrashoidmine.<\/p>\n\n\n\n<p class=\"has-semi-large-font-size wp-el\"><mark style=\"background-color:rgba(0, 0, 0, 0)\" class=\"has-inline-color has-primary-color\">9. EKVA vahendid ja vara<\/mark><\/p>\n\n\n\n<p class=\"wp-el\">9.1. EKVA vahendid ja vara moodustavad:<\/p>\n\n\n\n<p class=\"wp-el\">9.1.1. liikmemaksud<\/p>\n\n\n\n<p class=\"wp-el\">9.1.2. juriidiliste ja f\u00fc\u00fcsiliste isikute annetused ja toetused;<\/p>\n\n\n\n<p class=\"wp-el\">9.1.3. riigi ja kohalike omavalitsuste eraldised ning toetused;<\/p>\n\n\n\n<p class=\"wp-el\">9.1.4. sihtkapitalide ja asutuste eraldised ning toetused;<\/p>\n\n\n\n<p class=\"wp-el\">9.1.5. kingitused, p\u00e4randid ning muud annetused, toetused ja kolmandate isikute poolt eraldatud vahendid.<\/p>\n\n\n\n<p class=\"wp-el\">9.1.6. EKVA p\u00f5hikirjalise eesm\u00e4rgi saavutamiseks korraldatud tasulistest spordi\u00fcritustest laekunud sissetulekud;<\/p>\n\n\n\n<p class=\"wp-el\">9.1.7. sponsor- ja reklaamlepingute, loteriide, intresside ja muude laekumiste tulud;<\/p>\n\n\n\n<p class=\"wp-el\">9.1.8. tegevuse kindlustamiseks vajalikud materjalid ja varad;<\/p>\n\n\n\n<p class=\"wp-el\">9.1.9. muud sissetulekud, mis on laekunud koosk\u00f5las Eesti Vabariigi \u00f5igusaktidega.<\/p>\n\n\n\n<p class=\"wp-el\">9.2. EKVA vara ja vahendid kuuluvad EKVA-le. Neid kasutatakse ainult EKVA eesm\u00e4rgi saavutamiseks. EKVA vara kajastub EKVA bilansis.<\/p>\n\n\n\n<p class=\"wp-el\">9.3. EKVA-le \u00fcleantava vara v\u00f5tab \u00fcleandmise- vastuv\u00f5tmise aktiga vastu EKVA juhatus. Aktis peavad olema toodud andmed vara \u00fcleandja ja vastuv\u00f5tja kohta, vara \u00fcleandmise aeg, vara koosseis ja v\u00e4\u00e4rtus, kinnisvara \u00fcleandmise korral lisaks loetletud andmetele ka andmed vara p\u00e4raldiste, seisukorra, kasutamisviisi ja puuduste kohta ning vajadus m\u00e4rke tegemiseks kinnistusraamatus.<\/p>\n\n\n\n<p class=\"wp-el\">9.4. \u00dcleantava mitterahalise vara v\u00e4\u00e4rtuse hindamise korraldab juhatus ja teeb vajalikud toimingud vara \u00fcleminekuks EKVA omandisse. EKVA-le \u00fcleantavad rahalised vahendid kantakse EKVA arveldusarvele.<\/p>\n\n\n\n<p class=\"wp-el\">9.5. EKVA majandusaasta algab 1.jaanuaril ja l\u00f5peb 31.detsembril.<\/p>\n\n\n\n<p class=\"wp-el\">9.6. EKVA peab vahendite ja varade \u00fcle raamatupidamisarvestust ja aruandlust vastavalt kehtivatele \u00f5igusaktidele.<\/p>\n\n\n\n<p class=\"has-semi-large-font-size wp-el\"><mark style=\"background-color:rgba(0, 0, 0, 0)\" class=\"has-inline-color has-primary-color\">10. EKVA finantstegevuse kontrollimine<\/mark><\/p>\n\n\n\n<p class=\"wp-el\">10.1. EKVA finantstegevust kontrollib \u00fcldkoosoleku poolt valitud revisjonikomisjon.<\/p>\n\n\n\n<p class=\"wp-el\">10.2. Revisjonikomisjon koosneb kolmest EKVA liikmest, kes samaaegselt ei v\u00f5i olla juhatuse liikmed.<\/p>\n\n\n\n<p class=\"wp-el\">10.3. EKVA revisjonikomisjon kontrollib EKVA finantsmajanduslikku olukorda, samuti EKVA tegevust, dokumentatsiooni ja asjaajamist v\u00e4hemalt \u00fcks kord aastas ning koostab revideerimise akti.<\/p>\n\n\n\n<p class=\"wp-el\">10.4. Revisjonikomisjon annab oma tegevusest ja revideerimise tulemustest aru EKVA \u00fcldkoosolekule.<\/p>\n\n\n\n<p class=\"has-semi-large-font-size wp-el\"><mark style=\"background-color:rgba(0, 0, 0, 0)\" class=\"has-inline-color has-primary-color\">11. EKVA \u00fchinemine ja jagunemine ning tegevuse l\u00f5petamine<\/mark><\/p>\n\n\n\n<p class=\"wp-el\">11.1. EKVA \u00fchinemine ja jagunemine toimub EKVA liikmete \u00fcldkoosoleku otsusega Mittetulundus\u00fchingute seadusega kehtestatud korras.<\/p>\n\n\n\n<p class=\"wp-el\">11.2. EKVA tegevus l\u00f5petatakse seadusega s\u00e4testatud juhtudel ja korras.<\/p>\n\n\n\n<p class=\"wp-el\">11.3. EKVA tegevuse v\u00f5ib l\u00f5petada \u00fcldkoosoleku otsuse alusel, kui EKVA tegevuse l\u00f5petamine oli l\u00fclitatud \u00fcldkoosoleku p\u00e4evakorda iseseisva punktina.<\/p>\n\n\n\n<p class=\"has-semi-large-font-size wp-el\"><mark style=\"background-color:rgba(0, 0, 0, 0)\" class=\"has-inline-color has-primary-color\">12. EKVA likvideerimine<\/mark><\/p>\n\n\n\n<p class=\"wp-el\">12.1. EKVA tegevuse l\u00f5petamisel toimub selle likvideerimine Mittetulundus\u00fchingute seadusega s\u00e4testatud korras. Likvideerijateks on juhatuse liikmed. Sundl\u00f5petamise korral m\u00e4\u00e4rab likvideerijad kohus.<\/p>\n\n\n\n<p class=\"wp-el\">12.2. Likvideerijad l\u00f5petavad EKVA tegevuse, n\u00f5uavad sisse v\u00f5lad, m\u00fc\u00fcvad vara ja rahuldavad v\u00f5lausaldajate n\u00f5uded. N\u00f5uetest j\u00e4relej\u00e4\u00e4nud EKVA vara ja vahendid antakse \u00fcle avalik-\u00f5iguslikule juriidilisele isikule v\u00f5i tulumaksusoodustusega mittetulundus\u00fchingute ja sihtasutuste nimekirja kantud mittetulundus\u00fchingule.<\/p>\n\n\n\n<p class=\"wp-el\">12.3. EKVA tegevuse l\u00f5ppemisel kustutatakse EKVA likvideerijate avalduse p\u00f5hjal registrist.- v\u00e4lja j\u00e4etud<\/p>\n\n\n\n<p class=\"wp-el\">12.4. Likvideerijad annavad EKVA dokumendid ja muud materjalid \u00fcle Eesti Kergej\u00f5ustikuliidule.- v\u00e4lja j\u00e4etud<\/p>\n\n\n\n<p class=\"has-semi-large-font-size wp-el\"><mark style=\"background-color:rgba(0, 0, 0, 0)\" class=\"has-inline-color has-primary-color\">13. EKVA p\u00f5hikirja registreerimine<\/mark><\/p>\n\n\n\n<p class=\"wp-el\">EKVA p\u00f5hikiri registreeritakse Mittetulundus\u00fchingute seadusega kehtestatud korras.<\/p>\n\n\n\n<p class=\"wp-el\">Muudatused ja t\u00e4iendused Eesti Kergej\u00f5ustikuveteranide Assotsiatsiooni p\u00f5hikirja on tehtud ning muudetud ja t\u00e4iendatud p\u00f5hikiri on vastu v\u00f5etud EKVA \u00fcldkoosolekul P\u00f5ltsamaal 11.detsembril 2021.aastal.<\/p>\n","protected":false},"excerpt":{"rendered":"<p>Eesti Kergej\u00f5ustikuveteranide Assotsiatsiooni p\u00f5hikir 1. \u00dclds\u00e4tted 1.1. Eesti Kergej\u00f5ustikuveteranide Assotsiatsioon (edaspidi EKVA, mis on ametlikuks l\u00fchendiks) on avalikes huvides tegutsev&#8230;<\/p>\n","protected":false},"author":1,"featured_media":0,"parent":9699,"menu_order":0,"comment_status":"closed","ping_status":"closed","template":"","meta":{"_acf_changed":false,"footnotes":""},"class_list":["post-9702","page","type-page","status-publish","hentry"],"acf":[],"_links":{"self":[{"href":"https:\/\/ekva.ee\/en\/wp-json\/wp\/v2\/pages\/9702","targetHints":{"allow":["GET"]}}],"collection":[{"href":"https:\/\/ekva.ee\/en\/wp-json\/wp\/v2\/pages"}],"about":[{"href":"https:\/\/ekva.ee\/en\/wp-json\/wp\/v2\/types\/page"}],"author":[{"embeddable":true,"href":"https:\/\/ekva.ee\/en\/wp-json\/wp\/v2\/users\/1"}],"replies":[{"embeddable":true,"href":"https:\/\/ekva.ee\/en\/wp-json\/wp\/v2\/comments?post=9702"}],"version-history":[{"count":1,"href":"https:\/\/ekva.ee\/en\/wp-json\/wp\/v2\/pages\/9702\/revisions"}],"predecessor-version":[{"id":9811,"href":"https:\/\/ekva.ee\/en\/wp-json\/wp\/v2\/pages\/9702\/revisions\/9811"}],"up":[{"embeddable":true,"href":"https:\/\/ekva.ee\/en\/wp-json\/wp\/v2\/pages\/9699"}],"wp:attachment":[{"href":"https:\/\/ekva.ee\/en\/wp-json\/wp\/v2\/media?parent=9702"}],"curies":[{"name":"wp","href":"https:\/\/api.w.org\/{rel}","templated":true}]}}